{"id":63,"date":"2013-04-17T09:04:46","date_gmt":"2013-04-17T07:04:46","guid":{"rendered":"https:\/\/www.fratellidefina.it\/?page_id=63"},"modified":"2013-06-24T18:07:59","modified_gmt":"2013-06-24T16:07:59","slug":"tinteggiature-interni","status":"publish","type":"page","link":"https:\/\/www.fratellidefina.it\/?page_id=63","title":{"rendered":"Tinteggiature interni"},"content":{"rendered":"<p>La tinteggiatura interna deve proteggere le pareti, garantendo una buona durata, ma soprattutto \u00e8 parte integrante dell\u2019arredo di un ambiente. E\u2019 importante che la tinteggiatura armonizzi il contesto e svolga anche un compito decorativo, rispettando i diversi stili (dal classico al moderno).<br \/>\nF.lli De Fina da 50 anni si contraddistingue per la rapidit\u00e0 di preventivazione, per la cura del lavoro, la pulizia del cantiere e la seriet\u00e0 del personale. Per offrire lavorazioni di qualit\u00e0, vengono utilizzati prodotti sicuri e innovativi:<\/p>\n<p>\u2022\tPitture a traspirante: privi di solventi, odori e sostanze tossiche (LF), con tinte a pastello o colori a scelta, adatti anche per lavorazioni originali.<br \/>\n\u2022\tPitture antimuffa: sicure ed efficaci, risolvono il problema della muffa e ne prevengono la nuova formazione. <br \/>\n\u2022\tIntonachino arenino: composto da calce, materiali sabbiosi e da colori minerali naturali, viene applicato sia su spazi interni che su spazi esterni.<\/p>\n","protected":false},"excerpt":{"rendered":"<p>La tinteggiatura interna deve proteggere le pareti, garantendo una buona durata, ma soprattutto \u00e8 parte integrante dell\u2019arredo di un ambiente. E\u2019 importante che la tinteggiatura armonizzi il contesto e svolga anche un compito decorativo, rispettando i diversi stili (dal classico al moderno). F.lli De Fina da 50 anni si contraddistingue per la rapidit\u00e0 di preventivazione,&nbsp;<a href=\"https:\/\/www.fratellidefina.it\/?page_id=63\" class=\"read-more\">Continue Reading<\/a><\/p>\n","protected":false},"author":1,"featured_media":0,"parent":0,"menu_order":0,"comment_status":"open","ping_status":"open","template":"page-servizi.php","meta":[],"categories":[],"tags":[],"_links":{"self":[{"href":"https:\/\/www.fratellidefina.it\/index.php?rest_route=\/wp\/v2\/pages\/63"}],"collection":[{"href":"https:\/\/www.fratellidefina.it\/index.php?rest_route=\/wp\/v2\/pages"}],"about":[{"href":"https:\/\/www.fratellidefina.it\/index.php?rest_route=\/wp\/v2\/types\/page"}],"author":[{"embeddable":true,"href":"https:\/\/www.fratellidefina.it\/index.php?rest_route=\/wp\/v2\/users\/1"}],"replies":[{"embeddable":true,"href":"https:\/\/www.fratellidefina.it\/index.php?rest_route=%2Fwp%2Fv2%2Fcomments&post=63"}],"version-history":[{"count":6,"href":"https:\/\/www.fratellidefina.it\/index.php?rest_route=\/wp\/v2\/pages\/63\/revisions"}],"predecessor-version":[{"id":476,"href":"https:\/\/www.fratellidefina.it\/index.php?rest_route=\/wp\/v2\/pages\/63\/revisions\/476"}],"wp:attachment":[{"href":"https:\/\/www.fratellidefina.it\/index.php?rest_route=%2Fwp%2Fv2%2Fmedia&parent=63"}],"wp:term":[{"taxonomy":"category","embeddable":true,"href":"https:\/\/www.fratellidefina.it\/index.php?rest_route=%2Fwp%2Fv2%2Fcategories&post=63"},{"taxonomy":"post_tag","embeddable":true,"href":"https:\/\/www.fratellidefina.it\/index.php?rest_route=%2Fwp%2Fv2%2Ftags&post=63"}],"curies":[{"name":"wp","href":"https:\/\/api.w.org\/{rel}","templated":true}]}}