{"id":20,"date":"2013-04-12T16:14:29","date_gmt":"2013-04-12T14:14:29","guid":{"rendered":"https:\/\/www.fratellidefina.it\/?page_id=20"},"modified":"2013-05-27T10:09:49","modified_gmt":"2013-05-27T08:09:49","slug":"chi-siamo","status":"publish","type":"page","link":"https:\/\/www.fratellidefina.it\/?page_id=20","title":{"rendered":"Storia"},"content":{"rendered":"<p>Una storia nata nel 1960, fatta di talento, di sogni e di capacit\u00e0. Angelo De Fina, con il supporto della moglie, apre una piccola attivit\u00e0 d\u2019imbianchino a Ponte nelle Alpi.<br \/>\n<br \/>\nLa seriet\u00e0 e la passione di Angelo hanno da subito caratterizzato l\u2019azienda che negli anni \u00e8 cresciuta coinvolgendo anche i figli.<br \/>\n<br \/>\nNel 1985 Angelo cede il testimone ai figli, l\u2019attivit\u00e0 si trasforma nell\u2019attuale <i>Pitture e rivestimenti edili F.lli De Fina snc<\/i>.<br \/> La qualit\u00e0 dei lavori proposti e la volont\u00e0 di tenersi sempre aggiornati per proporre servizi migliori ai propri clienti hanno consolidato l\u2019azienda nel mercato. Nel tempo F.lli De Fina si \u00e8 anche specializzata nelle decorazioni d\u2019interni, nel risanamento e negli isolamenti termici (coibentazioni a cappotto).<br \/>\n<br \/>\nOggi l\u2019azienda \u00e8 guidata da Luciano e Manuela con la stessa determinazione e passione del padre e la squadra di lavoro si \u00e8 innovata grazie alla dinamicit\u00e0 e professionalit\u00e0 dei figli Marco De Fina e Livio Fontana.<br \/>\n<br \/>\nLa passione continua a scorrere nel dna della famiglia De Fina.<\/p>\n","protected":false},"excerpt":{"rendered":"<p>Una storia nata nel 1960, fatta di talento, di sogni e di capacit\u00e0. Angelo De Fina, con il supporto della moglie, apre una piccola attivit\u00e0 d\u2019imbianchino a Ponte nelle Alpi. La seriet\u00e0 e la passione di Angelo hanno da subito caratterizzato l\u2019azienda che negli anni \u00e8 cresciuta coinvolgendo anche i figli. Nel 1985 Angelo cede&nbsp;<a href=\"https:\/\/www.fratellidefina.it\/?page_id=20\" class=\"read-more\">Continue Reading<\/a><\/p>\n","protected":false},"author":1,"featured_media":0,"parent":0,"menu_order":0,"comment_status":"open","ping_status":"open","template":"page-storia.php","meta":[],"categories":[],"tags":[],"_links":{"self":[{"href":"https:\/\/www.fratellidefina.it\/index.php?rest_route=\/wp\/v2\/pages\/20"}],"collection":[{"href":"https:\/\/www.fratellidefina.it\/index.php?rest_route=\/wp\/v2\/pages"}],"about":[{"href":"https:\/\/www.fratellidefina.it\/index.php?rest_route=\/wp\/v2\/types\/page"}],"author":[{"embeddable":true,"href":"https:\/\/www.fratellidefina.it\/index.php?rest_route=\/wp\/v2\/users\/1"}],"replies":[{"embeddable":true,"href":"https:\/\/www.fratellidefina.it\/index.php?rest_route=%2Fwp%2Fv2%2Fcomments&post=20"}],"version-history":[{"count":8,"href":"https:\/\/www.fratellidefina.it\/index.php?rest_route=\/wp\/v2\/pages\/20\/revisions"}],"predecessor-version":[{"id":345,"href":"https:\/\/www.fratellidefina.it\/index.php?rest_route=\/wp\/v2\/pages\/20\/revisions\/345"}],"wp:attachment":[{"href":"https:\/\/www.fratellidefina.it\/index.php?rest_route=%2Fwp%2Fv2%2Fmedia&parent=20"}],"wp:term":[{"taxonomy":"category","embeddable":true,"href":"https:\/\/www.fratellidefina.it\/index.php?rest_route=%2Fwp%2Fv2%2Fcategories&post=20"},{"taxonomy":"post_tag","embeddable":true,"href":"https:\/\/www.fratellidefina.it\/index.php?rest_route=%2Fwp%2Fv2%2Ftags&post=20"}],"curies":[{"name":"wp","href":"https:\/\/api.w.org\/{rel}","templated":true}]}}